{"id":8702,"date":"2021-02-09T00:00:00","date_gmt":"2021-02-09T03:00:00","guid":{"rendered":"https:\/\/dragpharma.cl\/producto\/calfoma\/"},"modified":"2026-02-19T08:12:04","modified_gmt":"2026-02-19T11:12:04","slug":"calfoma-12","status":"publish","type":"product","link":"https:\/\/dragpharma.cl\/en\/producto\/calfoma-12\/","title":{"rendered":"Calfoma-12\u00ae"},"content":{"rendered":"","protected":false},"excerpt":{"rendered":"<p>Se recomienda en el s\u00edndrome de la vaca ca\u00edda de origen metab\u00f3lico: deficiencias de Calcio, F\u00f3sforo, Magnesio y Vitamina B12. Indicado en tetania de la lactancia, estados carenciales o insuficientes en el aporte de minerales, as\u00ed como tambi\u00e9n para la tonificaci\u00f3n de los animales. &#8230;<\/p>\n<p><span class=\"button-ver-mas\"><a class=\"understrap-read-more-link\" href=\"https:\/\/dragpharma.cl\/en\/producto\/calfoma-12\/\">Read more<\/a><span class=\"arrow\"><i class=\"fa fa-angle-right\" aria-hidden=\"true\"><\/i><\/span><\/span><\/p>\n","protected":false},"featured_media":7410,"template":"","meta":{"_acf_changed":false},"product_brand":[],"product_cat":[2078],"product_tag":[2803,2804,2805,2478,1919,2806,2072,2480,2807,2808,2809,2810,2811,2717,2479],"especies":[1740,1741,1742,1743],"therapeutic_action":[1738],"class_list":{"0":"post-8702","1":"product","2":"type-product","3":"status-publish","4":"has-post-thumbnail","6":"product_cat-vitamin-and-or-mineral-supplements","7":"product_tag-12-en","8":"product_tag-borogluconato-en","9":"product_tag-cal-en","10":"product_tag-calcium-en","11":"product_tag-calcium-therapy","12":"product_tag-calfoma-en","13":"product_tag-cow-en","14":"product_tag-fall","15":"product_tag-fisiel-en","16":"product_tag-fosforo-en","17":"product_tag-hipocalcemia-en","18":"product_tag-hipomagnesemia-en","19":"product_tag-kalfoma-en","20":"product_tag-magnesio-en","21":"product_tag-toning-en","22":"especies-bovines","23":"especies-horses","24":"especies-ovines-and-caprines","25":"especies-porcines","26":"therapeutic_action-vitamin-and-or-minerals-supplements","28":"first","29":"instock","30":"product-type-simple"},"acf":{"id_favoritos":"854","segundo_titulo":"Calcium, Phosphorus and Magnesium with Vitamin B12","efecto_medico":"Calcium, Phosphorus and Magnesium with Vitamin B12","archivos_n":null,"ficha_tecnica":[{"titulo":"Dosage form","tipo_de_contenido":"contenido","contenido":"Solution for injection.","tabla":null},{"titulo":"Therapeutic action","tipo_de_contenido":"contenido","contenido":"Calcium Gluconate - Vitamins - Mineral Salts.","tabla":null},{"titulo":"Target Species","tipo_de_contenido":"contenido","contenido":"Cattle, Swine, Horses, Sheep and Goats.","tabla":null},{"titulo":"Composition","tipo_de_contenido":"contenido","contenido":"Each 100 mL contains:\nCalcium Gluconate.................................25,0 g\nSodium Glycerophosphate x 5,5 H2O...........1,0 g\nVitamin B12...............................................3,5 mg\nMagnesium Chloride x 6 H2O....................6,0 g\nExcipients q.s.c..........................................100 mL","tabla":null},{"titulo":"Routes of administration","tipo_de_contenido":"contenido","contenido":"Endovenous, subcutaneous or intramuscular.","tabla":null},{"titulo":"Dose","tipo_de_contenido":"contenido","contenido":"<ul>\n \t<li><strong>Cattle:<\/strong> 250 to 800 mL in hypocalcemia.<\/li>\n \t<li><strong>Calves between 50 to 100 kg:<\/strong> 25 to 60 mL for toning.<\/li>\n \t<li><strong>Sheep and goats:<\/strong> 25 to 60 mL in hypocalcemia, hypomagnesemia and\/or tonification.<\/li>\n \t<li><strong>Pigs:<\/strong> 25 to 60 mL for toning.<\/li>\n \t<li><strong>Piglets between 10 to 30 kg:<\/strong> 5 to 10 mL for toning up<\/li>\n \t<li><strong>Horses:<\/strong> 250 to 800 mL for toning.<\/li>\n<\/ul>","tabla":null},{"titulo":"Indications for use","tipo_de_contenido":"contenido","contenido":"<strong>Calfoma-12\u00ae<\/strong> is recommended in fallen cow syndrome of metabolic origin: deficiencies of Calcium, Phosphorus, Magnesium and Vitamin B12. It is also indicated in lactation tetany, deficiency or insufficient mineral supply states, as well as for animal toning. ","tabla":null},{"titulo":"How to use","tipo_de_contenido":"contenido","contenido":"Warm the container before administering the product. Inject aseptically. It should be administered slowly intravenously, observing the animal's reaction to any symptoms of tachycardia or arrhythmia.","tabla":null},{"titulo":"Contraindications","tipo_de_contenido":"contenido","contenido":"<ul>\n \t<li>Do not administer to dehydrated animals without prior hydration therapy.<\/li>\n \t<li>Do not administer in hyperexcited animals, due to risk of cardiac arrest.<\/li>\n \t<li>Do not administer in animals with heart failure due to risk of arrhythmias and blockages.<\/li>\n<\/ul>","tabla":null},{"titulo":"Adverse Effects and Adverse Reactions","tipo_de_contenido":"contenido","contenido":"Inflammation may be observed at the subcutaneous or intramuscular injection site, which gradually disappears.","tabla":null},{"titulo":"Special warnings and precautions for use","tipo_de_contenido":"contenido","contenido":"<ul>\n \t<li style=\"text-align: justify;\">Administration must be supervised by a Veterinarian.<\/li>\n \t<li style=\"text-align: justify;\">When the chosen route of administration is intravenous, rapid administration should be avoided, as it may cause ventricular fibrillation, a risk inherent to injectable calcium.<\/li>\n \t<li style=\"text-align: justify;\">Due to its high calcium content, <strong>Calfoma-12\u00ae<\/strong> can crystallize at low temperatures. In this case, heat the container until the crystals formed are dissolved. <\/li>\n \t<li style=\"text-align: justify;\">Keep out of reach of children and pets.<\/li>\n<\/ul>","tabla":null},{"titulo":"Interactions","tipo_de_contenido":"contenido","contenido":"<ul>\n \t<li>Calcium prolongs or enhances the effects of Tubocurarine.<\/li>\n \t<li>Animals receiving parenteral Calcium and Potassium supplements are at increased risk of cardiac arrhythmias: administer with caution.<\/li>\n \t<li>Excessive intake of vitamin A can stimulate skeletal calcium depletion and cause hypercalcemia.<\/li>\n \t<li>Concurrent use of high doses of vitamin D or its analogues may increase calcium absorption and promote hypercalcemia.<\/li>\n<\/ul>","tabla":null},{"titulo":"Special precautions for the operator","tipo_de_contenido":"contenido","contenido":"<ul>\n \t<li>In case of contact with skin, eyes or mucous membranes, wash immediately with plenty of water. In case of irritation, seek medical attention and show product container. <\/li>\n \t<li>In case of accidental injection, go immediately to a medical center and show the product package.<\/li>\n<\/ul>","tabla":null},{"titulo":"Special precautions for the disposal of unused product or waste material","tipo_de_contenido":"contenido","contenido":"Empty containers can be discarded as household waste, without any special precautions. Do not dispose of containers with product residues on the ground or in waterways. For expired or unused products, contact the manufacturing laboratory.","tabla":null},{"titulo":"Safekeeping Period","tipo_de_contenido":"contenido","contenido":"0 days","tabla":null},{"titulo":"Storage conditions","tipo_de_contenido":"contenido","contenido":"Store at room temperature below 25\u00b0C. DO NOT refrigerate or freeze. Use immediately after opening and discard any remaining product.\nFor El Salvador: Store in a cool, dry place at room temperature between 15 and 30 \u00b0C. ","tabla":null},{"titulo":"Condition of Sale","tipo_de_contenido":"contenido","contenido":"Sale by prescription to the Veterinary Doctor.","tabla":null},{"titulo":"Remarks","tipo_de_contenido":"contenido","contenido":"<strong>VETERINARY USE<\/strong>","tabla":null},{"titulo":"Records","tipo_de_contenido":"contenido","contenido":"<strong>Chile:<\/strong> Reg. SAG NO. 587\n<strong>El Salvador:<\/strong> VE2015105125\nDistribution in El Salvador:\nRafael Alfredo Alfaro Castillo.\n8a C. Pte. Pje. Moreno N\u00b0 112, Col. Flor Blanca.\nSan Salvador - El Salvador.","tabla":null},{"titulo":"Presentation","tipo_de_contenido":"contenido","contenido":"Ampoule bottle with 100 mL and serum type bottle with 500 mL.","tabla":null},{"titulo":"Produced and distributed by","tipo_de_contenido":"contenido","contenido":"<strong><a title=\"Laboratorio Drag Pharma Chile Invetec S.A\" href=\"https:\/\/dragpharma.cl\/\" target=\"_blank\" rel=\"noopener\">Laboratorio Drag Pharma Chile Invetec S.A<\/a>.\n<\/strong>Lautaro N\u00b0 300. Quilicura. Santiago. Chile.","tabla":null}],"is_featured_product":"","related_prod":[9097,9092,8707]},"yoast_head":"<!-- This site is optimized with the Yoast SEO plugin v27.0 - https:\/\/yoast.com\/product\/yoast-seo-wordpress\/ -->\n<title>Calfoma-12\u00ae - Drag Pharma<\/title>\n<meta name=\"robots\" content=\"index, follow, max-snippet:-1, max-image-preview:large, max-video-preview:-1\" \/>\n<link rel=\"canonical\" href=\"https:\/\/dragpharma.cl\/en\/producto\/calfoma-12\/\" \/>\n<meta property=\"og:locale\" content=\"en_US\" \/>\n<meta property=\"og:type\" content=\"article\" \/>\n<meta property=\"og:title\" content=\"Calfoma-12\u00ae - Drag Pharma\" \/>\n<meta property=\"og:description\" content=\"Se recomienda en el s\u00edndrome de la vaca ca\u00edda de origen metab\u00f3lico: deficiencias de Calcio, F\u00f3sforo, Magnesio y Vitamina B12. Indicado en tetania de la lactancia, estados carenciales o insuficientes en el aporte de minerales, as\u00ed como tambi\u00e9n para la tonificaci\u00f3n de los animales. ...Read more\" \/>\n<meta property=\"og:url\" content=\"https:\/\/dragpharma.cl\/en\/producto\/calfoma-12\/\" \/>\n<meta property=\"og:site_name\" content=\"Drag Pharma\" \/>\n<meta property=\"article:publisher\" content=\"https:\/\/web.facebook.com\/dragpharma\/\" \/>\n<meta property=\"article:modified_time\" content=\"2026-02-19T11:12:04+00:00\" \/>\n<meta property=\"og:image\" content=\"https:\/\/dragpharma.cl\/wp-content\/uploads\/2023\/05\/CALFOMA-12-X2.jpg\" \/>\n\t<meta property=\"og:image:width\" content=\"800\" \/>\n\t<meta property=\"og:image:height\" content=\"800\" \/>\n\t<meta property=\"og:image:type\" content=\"image\/jpeg\" \/>\n<meta name=\"twitter:card\" content=\"summary_large_image\" \/>\n<script type=\"application\/ld+json\" class=\"yoast-schema-graph\">{\"@context\":\"https:\/\/schema.org\",\"@graph\":[{\"@type\":\"WebPage\",\"@id\":\"https:\/\/dragpharma.cl\/en\/producto\/calfoma-12\/\",\"url\":\"https:\/\/dragpharma.cl\/en\/producto\/calfoma-12\/\",\"name\":\"Calfoma-12\u00ae - Drag Pharma\",\"isPartOf\":{\"@id\":\"https:\/\/dragpharma.cl\/#website\"},\"primaryImageOfPage\":{\"@id\":\"https:\/\/dragpharma.cl\/en\/producto\/calfoma-12\/#primaryimage\"},\"image\":{\"@id\":\"https:\/\/dragpharma.cl\/en\/producto\/calfoma-12\/#primaryimage\"},\"thumbnailUrl\":\"https:\/\/dragpharma.cl\/wp-content\/uploads\/2023\/05\/CALFOMA-12-X2.jpg\",\"datePublished\":\"2021-02-09T03:00:00+00:00\",\"dateModified\":\"2026-02-19T11:12:04+00:00\",\"breadcrumb\":{\"@id\":\"https:\/\/dragpharma.cl\/en\/producto\/calfoma-12\/#breadcrumb\"},\"inLanguage\":\"en-US\",\"potentialAction\":[{\"@type\":\"ReadAction\",\"target\":[\"https:\/\/dragpharma.cl\/en\/producto\/calfoma-12\/\"]}]},{\"@type\":\"ImageObject\",\"inLanguage\":\"en-US\",\"@id\":\"https:\/\/dragpharma.cl\/en\/producto\/calfoma-12\/#primaryimage\",\"url\":\"https:\/\/dragpharma.cl\/wp-content\/uploads\/2023\/05\/CALFOMA-12-X2.jpg\",\"contentUrl\":\"https:\/\/dragpharma.cl\/wp-content\/uploads\/2023\/05\/CALFOMA-12-X2.jpg\",\"width\":800,\"height\":800},{\"@type\":\"BreadcrumbList\",\"@id\":\"https:\/\/dragpharma.cl\/en\/producto\/calfoma-12\/#breadcrumb\",\"itemListElement\":[{\"@type\":\"ListItem\",\"position\":1,\"name\":\"Home\",\"item\":\"https:\/\/dragpharma.cl\/en\/\"},{\"@type\":\"ListItem\",\"position\":2,\"name\":\"Especies\",\"item\":\"https:\/\/dragpharma.cl\/especies\/\"},{\"@type\":\"ListItem\",\"position\":3,\"name\":\"Calfoma-12\u00ae\"}]},{\"@type\":\"WebSite\",\"@id\":\"https:\/\/dragpharma.cl\/#website\",\"url\":\"https:\/\/dragpharma.cl\/\",\"name\":\"Drag Pharma\",\"description\":\"\",\"publisher\":{\"@id\":\"https:\/\/dragpharma.cl\/#organization\"},\"potentialAction\":[{\"@type\":\"SearchAction\",\"target\":{\"@type\":\"EntryPoint\",\"urlTemplate\":\"https:\/\/dragpharma.cl\/?s={search_term_string}\"},\"query-input\":{\"@type\":\"PropertyValueSpecification\",\"valueRequired\":true,\"valueName\":\"search_term_string\"}}],\"inLanguage\":\"en-US\"},{\"@type\":\"Organization\",\"@id\":\"https:\/\/dragpharma.cl\/#organization\",\"name\":\"Drag Pharma\",\"url\":\"https:\/\/dragpharma.cl\/\",\"logo\":{\"@type\":\"ImageObject\",\"inLanguage\":\"en-US\",\"@id\":\"https:\/\/dragpharma.cl\/#\/schema\/logo\/image\/\",\"url\":\"https:\/\/dragpharma.cl\/wp-content\/uploads\/2023\/01\/logo-drag.png\",\"contentUrl\":\"https:\/\/dragpharma.cl\/wp-content\/uploads\/2023\/01\/logo-drag.png\",\"width\":1106,\"height\":210,\"caption\":\"Drag Pharma\"},\"image\":{\"@id\":\"https:\/\/dragpharma.cl\/#\/schema\/logo\/image\/\"},\"sameAs\":[\"https:\/\/web.facebook.com\/dragpharma\/\",\"https:\/\/www.instagram.com\/dragpharma\/\",\"https:\/\/cl.linkedin.com\/company\/laboratorio-drag-pharma-chile-invetec-sa\"]}]}<\/script>\n<!-- \/ Yoast SEO plugin. -->","yoast_head_json":{"title":"Calfoma-12\u00ae - Drag Pharma","robots":{"index":"index","follow":"follow","max-snippet":"max-snippet:-1","max-image-preview":"max-image-preview:large","max-video-preview":"max-video-preview:-1"},"canonical":"https:\/\/dragpharma.cl\/en\/producto\/calfoma-12\/","og_locale":"en_US","og_type":"article","og_title":"Calfoma-12\u00ae - Drag Pharma","og_description":"Se recomienda en el s\u00edndrome de la vaca ca\u00edda de origen metab\u00f3lico: deficiencias de Calcio, F\u00f3sforo, Magnesio y Vitamina B12. Indicado en tetania de la lactancia, estados carenciales o insuficientes en el aporte de minerales, as\u00ed como tambi\u00e9n para la tonificaci\u00f3n de los animales. ...Read more","og_url":"https:\/\/dragpharma.cl\/en\/producto\/calfoma-12\/","og_site_name":"Drag Pharma","article_publisher":"https:\/\/web.facebook.com\/dragpharma\/","article_modified_time":"2026-02-19T11:12:04+00:00","og_image":[{"width":800,"height":800,"url":"https:\/\/dragpharma.cl\/wp-content\/uploads\/2023\/05\/CALFOMA-12-X2.jpg","type":"image\/jpeg"}],"twitter_card":"summary_large_image","schema":{"@context":"https:\/\/schema.org","@graph":[{"@type":"WebPage","@id":"https:\/\/dragpharma.cl\/en\/producto\/calfoma-12\/","url":"https:\/\/dragpharma.cl\/en\/producto\/calfoma-12\/","name":"Calfoma-12\u00ae - Drag Pharma","isPartOf":{"@id":"https:\/\/dragpharma.cl\/#website"},"primaryImageOfPage":{"@id":"https:\/\/dragpharma.cl\/en\/producto\/calfoma-12\/#primaryimage"},"image":{"@id":"https:\/\/dragpharma.cl\/en\/producto\/calfoma-12\/#primaryimage"},"thumbnailUrl":"https:\/\/dragpharma.cl\/wp-content\/uploads\/2023\/05\/CALFOMA-12-X2.jpg","datePublished":"2021-02-09T03:00:00+00:00","dateModified":"2026-02-19T11:12:04+00:00","breadcrumb":{"@id":"https:\/\/dragpharma.cl\/en\/producto\/calfoma-12\/#breadcrumb"},"inLanguage":"en-US","potentialAction":[{"@type":"ReadAction","target":["https:\/\/dragpharma.cl\/en\/producto\/calfoma-12\/"]}]},{"@type":"ImageObject","inLanguage":"en-US","@id":"https:\/\/dragpharma.cl\/en\/producto\/calfoma-12\/#primaryimage","url":"https:\/\/dragpharma.cl\/wp-content\/uploads\/2023\/05\/CALFOMA-12-X2.jpg","contentUrl":"https:\/\/dragpharma.cl\/wp-content\/uploads\/2023\/05\/CALFOMA-12-X2.jpg","width":800,"height":800},{"@type":"BreadcrumbList","@id":"https:\/\/dragpharma.cl\/en\/producto\/calfoma-12\/#breadcrumb","itemListElement":[{"@type":"ListItem","position":1,"name":"Home","item":"https:\/\/dragpharma.cl\/en\/"},{"@type":"ListItem","position":2,"name":"Especies","item":"https:\/\/dragpharma.cl\/especies\/"},{"@type":"ListItem","position":3,"name":"Calfoma-12\u00ae"}]},{"@type":"WebSite","@id":"https:\/\/dragpharma.cl\/#website","url":"https:\/\/dragpharma.cl\/","name":"Drag Pharma","description":"","publisher":{"@id":"https:\/\/dragpharma.cl\/#organization"},"potentialAction":[{"@type":"SearchAction","target":{"@type":"EntryPoint","urlTemplate":"https:\/\/dragpharma.cl\/?s={search_term_string}"},"query-input":{"@type":"PropertyValueSpecification","valueRequired":true,"valueName":"search_term_string"}}],"inLanguage":"en-US"},{"@type":"Organization","@id":"https:\/\/dragpharma.cl\/#organization","name":"Drag Pharma","url":"https:\/\/dragpharma.cl\/","logo":{"@type":"ImageObject","inLanguage":"en-US","@id":"https:\/\/dragpharma.cl\/#\/schema\/logo\/image\/","url":"https:\/\/dragpharma.cl\/wp-content\/uploads\/2023\/01\/logo-drag.png","contentUrl":"https:\/\/dragpharma.cl\/wp-content\/uploads\/2023\/01\/logo-drag.png","width":1106,"height":210,"caption":"Drag Pharma"},"image":{"@id":"https:\/\/dragpharma.cl\/#\/schema\/logo\/image\/"},"sameAs":["https:\/\/web.facebook.com\/dragpharma\/","https:\/\/www.instagram.com\/dragpharma\/","https:\/\/cl.linkedin.com\/company\/laboratorio-drag-pharma-chile-invetec-sa"]}]}},"_links":{"self":[{"href":"https:\/\/dragpharma.cl\/en\/wp-json\/wp\/v2\/product\/8702","targetHints":{"allow":["GET"]}}],"collection":[{"href":"https:\/\/dragpharma.cl\/en\/wp-json\/wp\/v2\/product"}],"about":[{"href":"https:\/\/dragpharma.cl\/en\/wp-json\/wp\/v2\/types\/product"}],"acf:post":[{"embeddable":true,"href":"https:\/\/dragpharma.cl\/en\/wp-json\/wp\/v2\/product\/8707"},{"embeddable":true,"href":"https:\/\/dragpharma.cl\/en\/wp-json\/wp\/v2\/product\/9092"},{"embeddable":true,"href":"https:\/\/dragpharma.cl\/en\/wp-json\/wp\/v2\/product\/9097"}],"wp:featuredmedia":[{"embeddable":true,"href":"https:\/\/dragpharma.cl\/en\/wp-json\/wp\/v2\/media\/7410"}],"wp:attachment":[{"href":"https:\/\/dragpharma.cl\/en\/wp-json\/wp\/v2\/media?parent=8702"}],"wp:term":[{"taxonomy":"product_brand","embeddable":true,"href":"https:\/\/dragpharma.cl\/en\/wp-json\/wp\/v2\/product_brand?post=8702"},{"taxonomy":"product_cat","embeddable":true,"href":"https:\/\/dragpharma.cl\/en\/wp-json\/wp\/v2\/product_cat?post=8702"},{"taxonomy":"product_tag","embeddable":true,"href":"https:\/\/dragpharma.cl\/en\/wp-json\/wp\/v2\/product_tag?post=8702"},{"taxonomy":"especies","embeddable":true,"href":"https:\/\/dragpharma.cl\/en\/wp-json\/wp\/v2\/especies?post=8702"},{"taxonomy":"therapeutic_action","embeddable":true,"href":"https:\/\/dragpharma.cl\/en\/wp-json\/wp\/v2\/therapeutic_action?post=8702"}],"curies":[{"name":"wp","href":"https:\/\/api.w.org\/{rel}","templated":true}]}}